{"id":3621,"date":"2020-09-19T15:42:52","date_gmt":"2020-09-19T13:42:52","guid":{"rendered":"https:\/\/prignitzer-hof.de\/wordpress\/?page_id=3621"},"modified":"2025-04-13T15:57:43","modified_gmt":"2025-04-13T13:57:43","slug":"agb","status":"publish","type":"page","link":"https:\/\/prignitzer-hof.de\/wordpress\/agb\/","title":{"rendered":"AGB"},"content":{"rendered":"\t\t<div data-elementor-type=\"wp-page\" data-elementor-id=\"3621\" class=\"elementor elementor-3621\" data-elementor-post-type=\"page\">\n\t\t\t\t\t\t<section class=\"elementor-section elementor-top-section elementor-element elementor-element-988ee43 elementor-section-boxed elementor-section-height-default elementor-section-height-default\" data-id=\"988ee43\" data-element_type=\"section\" data-e-type=\"section\" data-settings=\"{&quot;background_background&quot;:&quot;classic&quot;}\">\n\t\t\t\t\t\t<div class=\"elementor-container elementor-column-gap-default\">\n\t\t\t\t\t<div class=\"elementor-column elementor-col-100 elementor-top-column elementor-element elementor-element-150d61a\" data-id=\"150d61a\" data-element_type=\"column\" data-e-type=\"column\">\n\t\t\t<div class=\"elementor-widget-wrap elementor-element-populated\">\n\t\t\t\t<div class=\"elementor-element elementor-element-2422350 e-flex e-con-boxed e-con e-parent\" data-id=\"2422350\" data-element_type=\"container\" data-e-type=\"container\" data-settings=\"{&quot;background_background&quot;:&quot;gradient&quot;}\">\n\t\t\t\t\t<div class=\"e-con-inner\">\n\t\t\t\t<div class=\"elementor-element elementor-element-e67a3a1 elementor-widget elementor-widget-heading\" data-id=\"e67a3a1\" data-element_type=\"widget\" data-e-type=\"widget\" data-widget_type=\"heading.default\">\n\t\t\t\t\t<h4 class=\"elementor-heading-title elementor-size-small\">Landhotel &amp; Brauhaus Prignitzer Hof in Pritzwalk |AGB<\/h4>\t\t\t\t<\/div>\n\t\t\t\t\t<\/div>\n\t\t\t\t<\/div>\n\t\t\t\t<div class=\"elementor-element elementor-element-e5506cf elementor-absolute elementor-widget elementor-widget-text-editor\" data-id=\"e5506cf\" data-element_type=\"widget\" data-e-type=\"widget\" data-settings=\"{&quot;_position&quot;:&quot;absolute&quot;}\" data-widget_type=\"text-editor.default\">\n\t\t\t\t\t\t\t\t\t<p>I<strong>nformieren Sie sich \u00fcber die Allgemeinen Gesch\u00e4ftsbedingungen des Landhotels &amp; Brauhaus Prignitzer Hof in Pritzwalk. Freundliche Bedingungen f\u00fcr Reisende.<\/strong><\/p>\t\t\t\t\t\t\t\t<\/div>\n\t\t\t\t<div class=\"elementor-element elementor-element-640815d elementor-widget elementor-widget-text-editor\" data-id=\"640815d\" data-element_type=\"widget\" data-e-type=\"widget\" data-widget_type=\"text-editor.default\">\n\t\t\t\t\t\t\t\t\t<p><strong>Allgemeine Gesch\u00e4ftsbedingungen<\/strong><\/p><p><strong>1. GELTUNGSBEREICH<\/strong><\/p><p>1. Diese Gesch\u00e4ftsbedingungen gelten f\u00fcr Vertr\u00e4ge \u00fcber die mietweise \u00dcberlassung von Hotelzimmern zur Beherbergung und weiteren Leistungen des Hotels (Hotelaufnahmevertrag). 2. Die Unter- oder Weitervermietung der \u00fcberlassenen Zimmer sowie deren Nutzung zu anderen als Beherbergungszwecken bed\u00fcrfen der vorherigen Zustimmung des Hotels in Textform. 3. Allgemeine Gesch\u00e4ftsbedingungen des Kunden finden nur Anwendung, wenn dies vorher ausdr\u00fccklich in Textform vereinbart wurde.<\/p><p><strong>2. VERTRAGSABSCHLUSS, -PARTNER, VERJ\u00c4HRUNG<\/strong><\/p><p>1. Dem Hotel steht es frei, die Zimmerbuchung in Textform zu best\u00e4tigen. 2. Vertragspartner sind das Hotel und der Kunde. Hat ein Dritter f\u00fcr den Kunden bestellt, haftet er dem Hotel gegen\u00fcber zusammen mit dem Kunden als Gesamtschuldner. 3. Alle Anspr\u00fcche gegen das Hotel verj\u00e4hren grunds\u00e4tzlich in einem Jahr ab dem gesetzlichen Verj\u00e4hrungsbeginn. Schadensersatzanspr\u00fcche verj\u00e4hren in f\u00fcnf Jahren. Die Verj\u00e4hrungsverk\u00fcrzungen gelten nicht bei Anspr\u00fcchen, die auf vors\u00e4tzlichen oder grob fahrl\u00e4ssigen Pflichtverletzungen des Hotels beruhen.<\/p><p><strong>3. LEISTUNGEN, PREISE, ZAHLUNG, AUFRECHNUNG<\/strong><\/p><p>1. Das Hotel ist verpflichtet, die vom Kunden gebuchten Zimmer bereitzuhalten und die vereinbarten Leistungen zu erbringen. 2. Der Kunde ist verpflichtet, die f\u00fcr die Zimmer\u00fcberlassung und die von ihm in Anspruch genommenen weiteren Leistungen zu geltenden Preise des Hotels zu zahlen. Dies gilt auch f\u00fcr vom Kunden veranlasste Leistungen und Auslagen des Hotels an Dritte. Die vereinbarten Preise schlie\u00dfen die jeweilige gesetzliche Umsatzsteuer ein. 3. Das Hotel kann seine Zustimmung zu einer vom Kunden gew\u00fcnschten nachtr\u00e4glichen Verringerung der Anzahl der gebuchten Zimmer, der Leistung des Hotels oder der Aufenthaltsdauer des Kunden davon abh\u00e4ngig machen, dass sich der Preis f\u00fcr die Zimmer und\/oder f\u00fcr die sonstigen Leistungen des Hotels erh\u00f6ht. 4. Rechnungen des Hotels sind innerhalb 14 Tagen ab Zusendung der Rechnung ohne Abzug zahlbar. Bei Zahlungsverzug ist das Hotel berechtigt ein Pauschalbetrag (S\u00e4umniszuschl\u00e4ge, Bearbeitungsgeb\u00fchr) i. H. v. 15,00 Euro zu erheben. 5. Das Hotel ist berechtigt, bei Vertragsschluss vom Kunden eine Vorauszahlung oder Sicherheitsleistung zu verlangen. 6. In begr\u00fcndeten F\u00e4llen, z.B. Zahlungsr\u00fcckstand des Kunden, ist das Hotel berechtigt, weitere Leistungen abzulehnen. 7. Der Kunde kann nur mit einer unstreitigen oder rechtskr\u00e4ftigen Forderung gegen\u00fcber einer Forderung des Hotels aufrechnen oder verrechnen.<\/p><p><strong>4. R\u00dcCKTRITT DES KUNDEN (ABBESTELLUNG, STORNIERUNG und NoShow)<\/strong><\/p><p>1. Ein R\u00fccktritt des Kunden von dem mit dem Hotel geschlossenen Vertrag bedarf der Zustimmung des Hotels in Textform. Erfolgt diese nicht, so ist der vereinbarte Preis aus dem Vertrag auch dann zu zahlen, wenn der Kunde vertragliche Leistungen nicht in Anspruch nimmt. 2. Sofern zwischen dem Hotel und dem Kunden ein Termin zum kostenfreien R\u00fccktritt vom Vertrag in Textform vereinbart wurde, kann der Kunde bis dahin vom Vertrag zur\u00fccktreten, ohne Zahlungs- oder Schadensersatzanspr\u00fcche des Hotels auszul\u00f6sen. Das R\u00fccktrittsrecht des Kunden erlischt, wenn er nicht bis zum vereinbarten Termin sein Recht zum R\u00fccktritt gegen\u00fcber dem Hotel in Textform aus\u00fcbt. 3. Bei vom Kunden nicht in Anspruch genommenen Zimmern hat das Hotel die Einnahmen aus anderweitiger Vermietung dieser Zimmer anzurechnen. Werden die Zimmer nicht anderweitig vermietet, so kann das Hotel die vertraglich vereinbarte Verg\u00fctung zu 100% in Rechnung stellen. 4. Ein Anrecht auf R\u00fccktritt von dem mit dem Hotel geschlossenen Vertrag erlischt ab zwei Wochen vor dem vertraglich geregelten Anreisetag. Hinweis: Gem\u00e4\u00df Richtlinie 2011\/83\/EU des europ\u00e4ischen Parlaments, Artikel 16 gilt das 14-t\u00e4gige R\u00fccktrittsrecht nicht f\u00fcr Hotelbuchungen. Es gelten die Stornierungsbedingungen des Hotels. Folgende Stornobedingungen gelten: &#8211; bis 10 Tage vor Anreise: kostenfrei &#8211; 9 bis 5 Tage vor Anreise: 40% des vereinbarten Preises (nur Logis\/Fr\u00fchst\u00fcck) &#8211; 4 bis 2 Tage vor Anreise: 60% des vereinbarten Preises (nur Logis\/Fr\u00fchst\u00fcck) &#8211; 1 Tag vor Anreise: 80% des vereinbarten Preises (nur Logis\/Fr\u00fchst\u00fcck)<\/p><p><strong>5. R\u00dcCKTRITT DES HOTELS<\/strong><\/p><p>1. Sofern in Textform vereinbart wurde, dass der Kunde innerhalb einer bestimmten Frist kostenfrei vom Vertrag zur\u00fccktreten kann, ist das Hotel ebenfalls in diesem Zeitraum seinerseits berechtigt, vom Vertrag zur\u00fcckzutreten (z.B. nichteinhalten vertraglich vereinbarter Vorauszahlung). 2. Bei berechtigtem R\u00fccktritt des Hotels entsteht kein Anspruch des Kunden auf Schadensersatz.<\/p><p><strong>6. ZIMMERBEREITSTELLUNG, -\u00dcBERGABE UND -R\u00dcCKGABE<\/strong><\/p><p>1. Der Kunde erwirbt keinen Anspruch auf die Bereitstellung bestimmter Zimmer, soweit dieses nicht ausdr\u00fccklich in Textform vereinbart wurde. 2. Gebuchte Zimmer stehen dem Kunden ab 15:00 Uhr des vereinbarten Anreisetages zur Verf\u00fcgung. Der Kunde hat keinen Anspruch auf fr\u00fchere Bereitstellung. 3. Am vereinbarten Abreisetag sind die Zimmer dem Hotel sp\u00e4testens um 11:00 Uhr ger\u00e4umt zur Verf\u00fcgung zu stellen. Danach kann das Hotel aufgrund der versp\u00e4teten R\u00e4umung des Zimmers f\u00fcr dessen vertrags\u00fcberschreitende Nutzung bis 14:00 Uhr 50% des vollen Logispreises (Listenpreises) in Rechnung stellen, danach 100%.<\/p><p><strong>7. HAFTUNG DES HOTELS<\/strong><\/p><p>1. Das Hotel haftet f\u00fcr seine Verpflichtungen aus dem Vertrag. Anspr\u00fcche des Kunden auf Schadensersatz sind ausgeschlossen. Hiervon ausgenommen sind Sch\u00e4den aus der Verletzung des Lebens, des K\u00f6rpers oder der Gesundheit, wenn das Hotel die Pflichtverletzung zu vertreten hat, sonstige Sch\u00e4den, die auf einer vors\u00e4tzlichen oder grob fahrl\u00e4ssigen Pflichtverletzung des Hotels beruhen und Sch\u00e4den, die auf einer vors\u00e4tzlichen oder fahrl\u00e4ssigen Verletzung von vertragstypischen Pflichten des Hotels beruhen. Sollten St\u00f6rungen oder M\u00e4ngel an den Leistungen des Hotels auftreten, wird das Hotel bei Kenntnis oder auf unverz\u00fcgliche R\u00fcge des Kunden bem\u00fcht sein, f\u00fcr Abhilfe zu sorgen. Der Kunde ist verpflichtet, das ihm Zumutbare beizutragen, um die St\u00f6rung zu beheben und einen m\u00f6glichen Schaden gering zu halten. 2. F\u00fcr eingebrachte Sachen haftet das Hotel dem Kunden nach den gesetzlichen Bestimmungen. Danach ist die Haftung beschr\u00e4nkt auf das Hundertfache des Zimmerpreises, jedoch h\u00f6chstens \u20ac 3.500,-und abweichend f\u00fcr Geld, Wertpapieren und Kostbarkeiten h\u00f6chstens bis zu \u20ac 800,-. Geld, Wertpapiere und Kostbarkeiten k\u00f6nnen bis zu einem H\u00f6chstwert von \u20ac 3.500,- im Hotelsafe aufbewahrt werden. 3. Soweit dem Kunden ein Stellplatz auf einem Hotelparkplatz, auch gegen Entgelt, zur Verf\u00fcgung gestellt wird, kommt dadurch kein Verwahrungsvertrag zustande. Bei Abhandenkommen oder Besch\u00e4digung auf dem Hotelgrundst\u00fcck abgestellter oder rangierter Kraftfahrzeuge, Anh\u00e4nger, Motorr\u00e4der oder Anh\u00e4nger und deren Inhalte haftet das Hotel nicht, au\u00dfer bei Vorsatz oder grober Fahrl\u00e4ssigkeit. 8. SCHLUSSBESTIMMUNGEN 1. \u00c4nderungen und Erg\u00e4nzungen des Vertrages oder dieser Allgemeinen Gesch\u00e4ftsbedingungen sollen in Textform erfolgen. Einseitige \u00c4nderungen oder Erg\u00e4nzungen durch den Kunden sind unwirksam. 2. Erf\u00fcllungs- und Zahlungsort ist der Standort des Hotels. 3. Es gilt deutsches Recht. Die Anwendung des UN-Kaufrechts und des Kollisionsrechts oder \u00e4hnlichem ist ausgeschlossen. 4. Sollten einzelne Bestimmungen dieser Allgemeinen Gesch\u00e4ftsbedingungen unwirksam oder nichtig sein oder werden, so wird dadurch die Wirksamkeit der \u00fcbrigen Bestimmungen nicht ber\u00fchrt. Im \u00dcbrigen gelten die gesetzlichen Vorschriften. 5. Der Unternehmer ist nicht bereit oder verpflichtet, an einem Streitbeilegungsverfahren vor einer Verbraucherschlichtungsstelle teilzunehmen. Landhotel&amp;Brauhaus Prignitzer Hof, stand September 2020<\/p>\t\t\t\t\t\t\t\t<\/div>\n\t\t\t\t\t<\/div>\n\t\t<\/div>\n\t\t\t\t\t<\/div>\n\t\t<\/section>\n\t\t\t\t<\/div>\n\t\t","protected":false},"excerpt":{"rendered":"<p>Landhotel &#038; Brauhaus Prignitzer Hof in Pritzwalk |AGB I&lt;strong&gt;nformieren Sie sich \u00fcber die Allgemeinen Gesch\u00e4ftsbedingungen des Landhotels &amp;amp; Brauhaus Prignitzer Hof in Pritzwalk. Freundliche Bedingungen f\u00fcr Reisende.&lt;\/strong&gt; Allgemeine Gesch\u00e4ftsbedingungen 1. GELTUNGSBEREICH Diese Gesch\u00e4ftsbedingungen gelten f\u00fcr Vertr\u00e4ge \u00fcber die mietweise \u00dcberlassung von Hotelzimmern zur Beherbergung und weiteren Leistungen des Hotels (Hotelaufnahmevertrag). 2. Die Unter- oder Weitervermietung [&hellip;]<\/p>\n","protected":false},"author":1,"featured_media":0,"parent":0,"menu_order":0,"comment_status":"closed","ping_status":"closed","template":"","meta":{"ocean_post_layout":"full-screen","ocean_both_sidebars_style":"","ocean_both_sidebars_content_width":0,"ocean_both_sidebars_sidebars_width":0,"ocean_sidebar":"0","ocean_second_sidebar":"0","ocean_disable_margins":"enable","ocean_add_body_class":"","ocean_shortcode_before_top_bar":"","ocean_shortcode_after_top_bar":"","ocean_shortcode_before_header":"","ocean_shortcode_after_header":"","ocean_has_shortcode":"","ocean_shortcode_after_title":"","ocean_shortcode_before_footer_widgets":"","ocean_shortcode_after_footer_widgets":"","ocean_shortcode_before_footer_bottom":"","ocean_shortcode_after_footer_bottom":"","ocean_display_top_bar":"default","ocean_display_header":"default","ocean_header_style":"","ocean_center_header_left_menu":"0","ocean_custom_header_template":"0","ocean_custom_logo":0,"ocean_custom_retina_logo":0,"ocean_custom_logo_max_width":0,"ocean_custom_logo_tablet_max_width":0,"ocean_custom_logo_mobile_max_width":0,"ocean_custom_logo_max_height":0,"ocean_custom_logo_tablet_max_height":0,"ocean_custom_logo_mobile_max_height":0,"ocean_header_custom_menu":"0","ocean_menu_typo_font_family":"0","ocean_menu_typo_font_subset":"","ocean_menu_typo_font_size":0,"ocean_menu_typo_font_size_tablet":0,"ocean_menu_typo_font_size_mobile":0,"ocean_menu_typo_font_size_unit":"px","ocean_menu_typo_font_weight":"","ocean_menu_typo_font_weight_tablet":"","ocean_menu_typo_font_weight_mobile":"","ocean_menu_typo_transform":"","ocean_menu_typo_transform_tablet":"","ocean_menu_typo_transform_mobile":"","ocean_menu_typo_line_height":0,"ocean_menu_typo_line_height_tablet":0,"ocean_menu_typo_line_height_mobile":0,"ocean_menu_typo_line_height_unit":"","ocean_menu_typo_spacing":0,"ocean_menu_typo_spacing_tablet":0,"ocean_menu_typo_spacing_mobile":0,"ocean_menu_typo_spacing_unit":"","ocean_menu_link_color":"","ocean_menu_link_color_hover":"","ocean_menu_link_color_active":"","ocean_menu_link_background":"","ocean_menu_link_hover_background":"","ocean_menu_link_active_background":"","ocean_menu_social_links_bg":"","ocean_menu_social_hover_links_bg":"","ocean_menu_social_links_color":"","ocean_menu_social_hover_links_color":"","ocean_disable_title":"on","ocean_disable_heading":"default","ocean_post_title":"","ocean_post_subheading":"","ocean_post_title_style":"","ocean_post_title_background_color":"","ocean_post_title_background":0,"ocean_post_title_bg_image_position":"","ocean_post_title_bg_image_attachment":"","ocean_post_title_bg_image_repeat":"","ocean_post_title_bg_image_size":"","ocean_post_title_height":0,"ocean_post_title_bg_overlay":0.5,"ocean_post_title_bg_overlay_color":"","ocean_disable_breadcrumbs":"default","ocean_breadcrumbs_color":"","ocean_breadcrumbs_separator_color":"","ocean_breadcrumbs_links_color":"","ocean_breadcrumbs_links_hover_color":"","ocean_display_footer_widgets":"default","ocean_display_footer_bottom":"default","ocean_custom_footer_template":"0","footnotes":""},"class_list":["post-3621","page","type-page","status-publish","hentry","entry","owp-thumbs-layout-horizontal","owp-btn-normal","owp-tabs-layout-horizontal","has-no-thumbnails","has-product-nav"],"amp_enabled":false,"_links":{"self":[{"href":"https:\/\/prignitzer-hof.de\/wordpress\/wp-json\/wp\/v2\/pages\/3621","targetHints":{"allow":["GET"]}}],"collection":[{"href":"https:\/\/prignitzer-hof.de\/wordpress\/wp-json\/wp\/v2\/pages"}],"about":[{"href":"https:\/\/prignitzer-hof.de\/wordpress\/wp-json\/wp\/v2\/types\/page"}],"author":[{"embeddable":true,"href":"https:\/\/prignitzer-hof.de\/wordpress\/wp-json\/wp\/v2\/users\/1"}],"replies":[{"embeddable":true,"href":"https:\/\/prignitzer-hof.de\/wordpress\/wp-json\/wp\/v2\/comments?post=3621"}],"version-history":[{"count":29,"href":"https:\/\/prignitzer-hof.de\/wordpress\/wp-json\/wp\/v2\/pages\/3621\/revisions"}],"predecessor-version":[{"id":15535,"href":"https:\/\/prignitzer-hof.de\/wordpress\/wp-json\/wp\/v2\/pages\/3621\/revisions\/15535"}],"wp:attachment":[{"href":"https:\/\/prignitzer-hof.de\/wordpress\/wp-json\/wp\/v2\/media?parent=3621"}],"curies":[{"name":"wp","href":"https:\/\/api.w.org\/{rel}","templated":true}]}}